{"id":121,"date":"2019-07-10T01:05:38","date_gmt":"2019-07-09T23:05:38","guid":{"rendered":"http:\/\/www.recarregat.com\/?page_id=121"},"modified":"2019-07-10T01:17:14","modified_gmt":"2019-07-09T23:17:14","slug":"serie-wb-ebasic","status":"publish","type":"page","link":"https:\/\/www.recarregat.com\/index.php\/productos\/serie-wb-ebasic\/","title":{"rendered":"S\u00e8rie WB-eBasic"},"content":{"rendered":"<p><strong>S\u00e8rie WB-eBasic<\/strong><\/p>\n<p><img loading=\"lazy\" width=\"250\" height=\"250\" src=\"http:\/\/www.recarregat.com\/wp-content\/uploads\/2019\/07\/http-circutor-com-images-stories-virtuemart-prod-3.jpeg\" class=\"wp-image-136\" alt=\"http:\/\/circutor.com\/images\/stories\/virtuemart\/product\/FO_WB-ebasic_250x250.jpg\" srcset=\"https:\/\/www.recarregat.com\/wp-content\/uploads\/2019\/07\/http-circutor-com-images-stories-virtuemart-prod-3.jpeg 250w, https:\/\/www.recarregat.com\/wp-content\/uploads\/2019\/07\/http-circutor-com-images-stories-virtuemart-prod-3-150x150.jpeg 150w\" sizes=\"(max-width: 250px) 100vw, 250px\" \/><br \/>\n  .<\/p>\n<p>Principio del formulario<\/p>\n<p>Final del formulario<\/p>\n<p>Caixa b\u00e0sica de rec\u00e0rrega manera 3<\/p>\n<ul>\n<li><strong>WALLBOX PER A REC\u00c0RREGA INTERIOR<\/strong><\/li>\n<\/ul>\n<p>La gamma\u00a0WallBox\u00a0ha estat dissenyada per a entorns interiors o exteriors amb algun tipus de coberta. Aquesta gamma va un pas m\u00e9s enll\u00e0 que la gamma\u00a0eHome, ja que s\u00f3n m\u00e9s robustes i tenen caracter\u00edstiques per a instal\u00b7lacions m\u00e9s avan\u00e7ades i complexes com poden ser aparcaments\u00a0multi-usuari, flotes de vehicles o p\u00e0rquings privats.<\/p>\n<p>WallBox\u00a0carrega el cotxe en Manera 1, 2 o 3, amb base\u00a0enchufable\u00a0(no t\u00e9 cable) amb connectors\u00a0Schuko, Tipus I o Tipus II, a m\u00e9s pot ser equipada amb comunicacions, control d&#8217;acc\u00e9s, sistemes de prepagament i altres caracter\u00edstiques espec\u00edfiques de les aplicacions abans comentades.<\/p>\n<p>WallBox\u00a0eBasic\u00a0pot incorporar tamb\u00e9 un sensor intel\u00b7ligent\u00a0CirBEON\u00a0per al control de la pot\u00e8ncia de rec\u00e0rrega del vehicle, assegurant que no se sobrepassa la pot\u00e8ncia contractada (prevenint la desconnexi\u00f3), reduint els costos de rec\u00e0rrega.<\/p>\n<ul>\n<li><strong>CARACTER\u00cdSTIQUES:<\/strong><\/li>\n<\/ul>\n<p>La gamma\u00a0WALLBOX\u00a0EBASIC\u00a0\u00e9s la versi\u00f3 m\u00e9s senzilla d&#8217;aquesta gran fam\u00edlia de caixes per a rec\u00e0rrega. Entre els seus principals caracter\u00edstiques podem destacar:<\/p>\n<ul>\n<li>\n<ul>\n<li>\n        Indicador llumin\u00f3s del seu estat de rec\u00e0rrega (blava, verda i vermell).<\/li>\n<li>\n        Indicaci\u00f3 de fi de c\u00e0rrega.<\/li>\n<li>\n        Disponibles amb tres tipus de c\u00e0rrega (Schuko, Tipus I\u00a0SAE\u00a0J1772 i Tipus II\u00a0Mennekes), amb base\u00a0enchufable.<\/li>\n<li>\n        Tres tipus de pot\u00e8ncia m\u00e1xima: 3,6 kW\/ 7,2 kW y 22 kW.<\/li>\n<li>\n        Dimensions: 320 x 225 x 125 mm.<\/li>\n<li>\n        Caixa en pl\u00e0stic ABS-PC acte extingible.<\/li>\n<li>\n        Protecci\u00f3 IP 54\/IK 10.<\/li>\n<\/ul>\n<\/li>\n<\/ul>\n<p>Tota la gamma\u00a0Wallbox\u00a0ebasic\u00a0pot incorporar un sensor intel\u00b7ligent\u00a0cirBEON\u00a0per al control de la pot\u00e8ncia de rec\u00e0rrega del vehicle.<\/p>\n<table>\n<tr>\n<td colspan=\"2\"><strong>REFER\u00c8NCIES: <\/strong><\/td>\n<td><\/td>\n<td><\/td>\n<td><\/td>\n<td><\/td>\n<\/tr>\n<tr>\n<td><strong>TIPUS<\/strong><\/td>\n<td><strong>CODI<\/strong><\/td>\n<td><strong>MANERA DE C\u00c0RREGA <\/strong><\/td>\n<td><strong>NOMBRE DE CONNECTORS<\/strong><\/td>\n<td><strong>TIPUS DE CONNECTOR <\/strong><\/td>\n<td><strong>TENSI\u00d3, CORRENT, POT\u00c9NCIA<\/strong><\/td>\n<\/tr>\n<tr>\n<td>\n  WB-eBasic T2S32<\/td>\n<td>\n  V26040<\/td>\n<td>\n  3<\/td>\n<td>\n  1<\/td>\n<td>\n  TIPUS II<\/td>\n<td>\n  230 V., 32 A, 7,2 kW<\/td>\n<\/tr>\n<tr>\n<td><\/td>\n<td><\/td>\n<td><\/td>\n<td><\/td>\n<td><\/td>\n<td>\n  400 V., 32 A, 22 kW<\/td>\n<\/tr>\n<tr>\n<td>\n  WB-eBasic T2S32 A<\/td>\n<td>\n  V26041<\/td>\n<td>\n  3<\/td>\n<td>\n  1<\/td>\n<td>\n  TIPUS II<\/td>\n<td>\n  230 V., 32 A, 7,2 kW<\/td>\n<\/tr>\n<tr>\n<td>\n  WB-eBasic MIX<\/td>\n<td>\n  V26050<\/td>\n<td>\n  1, 2, 3<\/td>\n<td>\n  2<\/td>\n<td>\n  SCHUKO<\/td>\n<td>\n  230 V., 16 A, 3,6 kW<\/td>\n<\/tr>\n<tr>\n<td><\/td>\n<td><\/td>\n<td><\/td>\n<td><\/td>\n<td>\n  TIPUS II<\/td>\n<td>\n  400 V., 32 A, 22 kW<\/td>\n<\/tr>\n<\/table>\n<p><strong>S\u00e8rie WB-eBasic (Cod: WB-eBasic). Caixa b\u00e0sica de rec\u00e0rrega.<\/strong><\/p>\n<ul>\n<li>\n<ul>\n<li><strong>S\u00e8rie WB-eBasic (Cod: WB-eBasic).<\/strong> Caixa b\u00e0sica de rec\u00e0rrega.<\/li>\n<\/ul>\n<\/li>\n<\/ul>\n<p><strong><em><img loading=\"lazy\" width=\"250\" height=\"250\" src=\"http:\/\/www.recarregat.com\/wp-content\/uploads\/2019\/07\/http-circutor-es-images-stories-virtuemart-produ-1.jpeg\" class=\"wp-image-137\" alt=\"http:\/\/circutor.es\/images\/stories\/virtuemart\/product\/FO_WB-ebasic_250x250.jpg\" srcset=\"https:\/\/www.recarregat.com\/wp-content\/uploads\/2019\/07\/http-circutor-es-images-stories-virtuemart-produ-1.jpeg 250w, https:\/\/www.recarregat.com\/wp-content\/uploads\/2019\/07\/http-circutor-es-images-stories-virtuemart-produ-1-150x150.jpeg 150w\" sizes=\"(max-width: 250px) 100vw, 250px\" \/><\/em><\/strong><\/p>\n<ul>\n<li>\n<ul>\n<li>\n<ul>\n<li><strong><em>Manera: 3.<\/em><\/strong><\/li>\n<li><strong><em>Connector Tipus: 2.<\/em><\/strong><\/li>\n<li><strong><em>N\u00ba Tomas: 1\/2.<\/em><\/strong><\/li>\n<li><strong><em>Pot\u00e9ncia m\u00e0xima: 7,4  kW \u2013 22,0  kW<\/em><\/strong><\/li>\n<li><strong><em>Dimensions: 320 x 225 x 125 mm.<\/em><\/strong><\/li>\n<\/ul>\n<\/li>\n<\/ul>\n<\/li>\n<\/ul>\n","protected":false},"excerpt":{"rendered":"<p>S\u00e8rie WB-eBasic . Principio del formulario Final del formulario Caixa b\u00e0sica de rec\u00e0rrega manera 3 WALLBOX PER A REC\u00c0RREGA INTERIOR La gamma\u00a0WallBox\u00a0ha estat dissenyada per a entorns interiors o exteriors [&hellip;]<\/p>\n","protected":false},"author":1,"featured_media":0,"parent":54,"menu_order":0,"comment_status":"closed","ping_status":"closed","template":"","meta":[],"_links":{"self":[{"href":"https:\/\/www.recarregat.com\/index.php\/wp-json\/wp\/v2\/pages\/121"}],"collection":[{"href":"https:\/\/www.recarregat.com\/index.php\/wp-json\/wp\/v2\/pages"}],"about":[{"href":"https:\/\/www.recarregat.com\/index.php\/wp-json\/wp\/v2\/types\/page"}],"author":[{"embeddable":true,"href":"https:\/\/www.recarregat.com\/index.php\/wp-json\/wp\/v2\/users\/1"}],"replies":[{"embeddable":true,"href":"https:\/\/www.recarregat.com\/index.php\/wp-json\/wp\/v2\/comments?post=121"}],"version-history":[{"count":4,"href":"https:\/\/www.recarregat.com\/index.php\/wp-json\/wp\/v2\/pages\/121\/revisions"}],"predecessor-version":[{"id":138,"href":"https:\/\/www.recarregat.com\/index.php\/wp-json\/wp\/v2\/pages\/121\/revisions\/138"}],"up":[{"embeddable":true,"href":"https:\/\/www.recarregat.com\/index.php\/wp-json\/wp\/v2\/pages\/54"}],"wp:attachment":[{"href":"https:\/\/www.recarregat.com\/index.php\/wp-json\/wp\/v2\/media?parent=121"}],"curies":[{"name":"wp","href":"https:\/\/api.w.org\/{rel}","templated":true}]}}