{"id":124,"date":"2019-07-10T01:07:26","date_gmt":"2019-07-09T23:07:26","guid":{"rendered":"http:\/\/www.recarregat.com\/es\/?page_id=124"},"modified":"2019-07-10T01:15:09","modified_gmt":"2019-07-09T23:15:09","slug":"wallbox-enext","status":"publish","type":"page","link":"https:\/\/www.recarregat.com\/index.php\/productos\/wallbox-enext\/","title":{"rendered":"Wallbox Enext"},"content":{"rendered":"<p><strong>Wallbox Enext<\/strong><\/p>\n<p>Dissenyada per a ser instal\u00b7lada a l&#8217;interior o exterior de cases, blocs de ve\u00efns, empreses i aparcaments.<\/p>\n<p>La gamma\u00a0Enext\u00a0ha estat dissenyada per a simplificar el proc\u00e9s de c\u00e0rrega. Inclou un Detector de Pres\u00e8ncia que permet a l&#8217;usuari comen\u00e7ar la c\u00e0rrega sense necessitat d&#8217;interactuar amb el dispositiu. La c\u00e0rrega comen\u00e7a quan l&#8217;usuari aprovat \u00e9s detectat per\u00a0Bluetooth\u00a0i el cable del cotxe est\u00e0 connectat al carregador.<\/p>\n<p><strong>CARACTER\u00cdSTIQUES:<\/strong><\/p>\n<ul>\n<li>\n    Una APP per a controlar la\u00a0Enext: configuraci\u00f3 de l&#8217;idioma, autenticaci\u00f3 de l&#8217;usuari, diagn\u00f2stic de la\u00a0Wallbox\u00a0i actualitzacions del microprogramari, entre altres.<\/li>\n<li>\n    Detector de Pres\u00e8ncia a trav\u00e9s de\u00a0Bluetooth\u00a0del Tel\u00e8fon intel\u00b7ligent, l&#8217;autenticaci\u00f3 es confirma per proximitat.<\/li>\n<li>\n    Activaci\u00f3 remota de la c\u00e0rrega a trav\u00e9s d&#8217;un senyal d&#8217;entrada externa\u00a0ON\/OFF\u00a0(p.e temporitzador).<\/li>\n<li>\n    Programaci\u00f3 hor\u00e0ria per a adaptar la c\u00e0rrega a les tarifes energ\u00e8tiques hor\u00e0ries.<\/li>\n<li>\n    Preparada per a la integraci\u00f3 interna de proteccions el\u00e8ctriques.<\/li>\n<li>\n    Inclou detector de\u00a0enclavamiento\u00a0del contactor que compleix amb l&#8217;IEC 61851-1 per a les proteccions contra corrent diferencial.<\/li>\n<li>\n    La detecci\u00f3 de fuites DC es pot demanar com a opcional.  Aix\u00f2, conjuntament amb el detector de\u00a0enclavamiento\u00a0del contactor i el RCD A garanteixen una gran seguretat.<\/li>\n<li>\n    Compatible amb el sensor\u00a0CirBeON; accessori que, combinat amb la\u00a0eNext\u00a0ajusta de forma din\u00e0mica el consum del vehicle el\u00e8ctric tenint en compte la pot\u00e8ncia disponible en la instal\u00b7laci\u00f3.<\/li>\n<li>\n    La barra LED frontal d\u00f3na informaci\u00f3 a l&#8217;usuari sobre l&#8217;estat del carregador (operatiu, no operatiu&#8230;) i de la c\u00e0rrega del Vehicle El\u00e8ctric: carregant (llum blava intermitent)\u00a0vs\u00a0carregat (llum blava est\u00e0tica).<\/li>\n<li>\n    La carcassa est\u00e0 feta de pl\u00e0stic ABS, un material robust i resistent als raigs UV.<\/li>\n<li>\n    Resistent a les condicions ambientals severes.<\/li>\n<\/ul>\n<table>\n<tr>\n<td><strong>ESPECIFICACIONS GENERALS<\/strong><\/td>\n<td><\/td>\n<\/tr>\n<tr>\n<td><strong>Grau de protecci\u00f3 de l\u00b4envoltant<\/strong><\/td>\n<td>\n  IP54 \/ IK10<\/td>\n<\/tr>\n<tr>\n<td><\/td>\n<td><\/td>\n<\/tr>\n<tr>\n<td><strong>Material de l\u00b4envoltant<\/strong><\/td>\n<td>\n   ABS \/ PC<\/td>\n<\/tr>\n<tr>\n<td><strong>Temperatura de funci\u00f3<\/strong><\/td>\n<td>\n   -5 \u00b0C fins +45 \u00baC<\/td>\n<\/tr>\n<tr>\n<td><strong>Temperatura de emmagatzematge <\/strong><\/td>\n<td>\n  -40 \u00baC fins +60 \u00baC<\/td>\n<\/tr>\n<tr>\n<td><strong>Humitat m\u00e0xima<\/strong><\/td>\n<td>\n   5 % fins 95 % sense<\/td>\n<\/tr>\n<tr>\n<td><strong>\u00a0<\/strong><\/td>\n<td>\n  condensaci\u00f3<\/td>\n<\/tr>\n<tr>\n<td><strong>Dimensions <\/strong><\/td>\n<td>\n  200 x 335 x 315 mm<\/td>\n<\/tr>\n<tr>\n<td><strong>Pes<\/strong><\/td>\n<td>\n   4 Kg<\/td>\n<\/tr>\n<tr>\n<td><strong>Entrada externa <\/strong><\/td>\n<td>\n  Activaci\u00f3 remota de la c\u00e0rrega<\/td>\n<\/tr>\n<tr>\n<td><strong>Comunicaci\u00f3 sense fil <\/strong><\/td>\n<td>\n  Bluetooth v4.2 + BLE<\/td>\n<\/tr>\n<tr>\n<td><\/td>\n<td><\/td>\n<\/tr>\n<tr>\n<td><strong>ESPECIFICACIONS PER MODEL:<\/strong><\/td>\n<td><\/td>\n<\/tr>\n<tr>\n<td><strong>Alimentaci\u00f3 AC <\/strong><\/td>\n<td>\n  1P + N + PE<\/td>\n<\/tr>\n<tr>\n<td><strong>Tensi\u00f3 AC <\/strong><\/td>\n<td>\n  230 VAC +\/-10%<\/td>\n<\/tr>\n<tr>\n<td><strong>Corrent m\u00e0xima d\u00b4entrada <\/strong><\/td>\n<td>\n  32 A<\/td>\n<\/tr>\n<tr>\n<td><strong>Pot\u00e8ncia m\u00e0xima d\u00b4entrada <\/strong><\/td>\n<td>\n  7,4 kW<\/td>\n<\/tr>\n<tr>\n<td><strong>Nombre de presas <\/strong><\/td>\n<td>\n  1<\/td>\n<\/tr>\n<tr>\n<td><strong>Pot\u00e8ncia m\u00e0xima de sortida per presa <\/strong><\/td>\n<td>\n   7,4 kW<\/td>\n<\/tr>\n<tr>\n<td><strong>Corrent m\u00e0xim de sortida per presa <\/strong><\/td>\n<td>\n  32 A<\/td>\n<\/tr>\n<tr>\n<td><strong>Tensi\u00f3 de sortida AC<\/strong><\/td>\n<td>\n   230 VAC (1P + N + PE)<\/td>\n<\/tr>\n<tr>\n<td><strong>Connexi\u00f3<\/strong><\/td>\n<td>\n  1 x Cable Tipus 2 o<\/td>\n<\/tr>\n<tr>\n<td><strong>\u00a0<\/strong><\/td>\n<td>\n  1 x Cabel Tipus 1<\/td>\n<\/tr>\n<tr>\n<td><\/td>\n<td><\/td>\n<\/tr>\n<\/table>\n<p><strong>MODELS:<\/strong><\/p>\n<table>\n<tr>\n<td><strong><em>TIPUS<\/em><\/strong><\/td>\n<td><strong><em>CODI<\/em><\/strong><\/td>\n<td><strong><em>N\u00ba TOMAS<\/em><\/strong><\/td>\n<td><strong><em>SORTIDAS<\/em><\/strong><\/td>\n<td><strong><em>TIPUS CONNECTOR<\/em><\/strong><\/td>\n<td><strong><em>TIPUS RED<\/em><\/strong><\/td>\n<td><strong><em>COMUNICACIONS<\/em><\/strong><\/td>\n<\/tr>\n<tr>\n<td><em>Enext MC-1 (Cable Tipus 1)<\/em><\/td>\n<td><em>(C) V27010<\/em><\/td>\n<td><em>1<\/em><\/td>\n<td><em>230 Vca &#8211; 32 A &#8211; 7,4 Kw<\/em><\/td>\n<td><em>Cable Tipus 1<\/em><\/td>\n<td><em>Monof\u00e0sica<\/em><\/td>\n<td><em>Bluetooth + BLE<\/em><\/td>\n<\/tr>\n<tr>\n<td><em>Enext MC-2 (Cable Tipus 2)<\/em><\/td>\n<td><em>(C) V27030<\/em><\/td>\n<td><em>1<\/em><\/td>\n<td><em>230 Vca &#8211; 32 A &#8211; 7,4 Kw<\/em><\/td>\n<td><em>Cable Tipus 2<\/em><\/td>\n<td><em>Monof\u00e0sica<\/em><\/td>\n<td><em>Bluetooth + BLE<\/em><\/td>\n<\/tr>\n<\/table>\n","protected":false},"excerpt":{"rendered":"<p>Wallbox Enext Dissenyada per a ser instal\u00b7lada a l&#8217;interior o exterior de cases, blocs de ve\u00efns, empreses i aparcaments. La gamma\u00a0Enext\u00a0ha estat dissenyada per a simplificar el proc\u00e9s de c\u00e0rrega. [&hellip;]<\/p>\n","protected":false},"author":1,"featured_media":0,"parent":54,"menu_order":0,"comment_status":"closed","ping_status":"closed","template":"","meta":[],"_links":{"self":[{"href":"https:\/\/www.recarregat.com\/index.php\/wp-json\/wp\/v2\/pages\/124"}],"collection":[{"href":"https:\/\/www.recarregat.com\/index.php\/wp-json\/wp\/v2\/pages"}],"about":[{"href":"https:\/\/www.recarregat.com\/index.php\/wp-json\/wp\/v2\/types\/page"}],"author":[{"embeddable":true,"href":"https:\/\/www.recarregat.com\/index.php\/wp-json\/wp\/v2\/users\/1"}],"replies":[{"embeddable":true,"href":"https:\/\/www.recarregat.com\/index.php\/wp-json\/wp\/v2\/comments?post=124"}],"version-history":[{"count":4,"href":"https:\/\/www.recarregat.com\/index.php\/wp-json\/wp\/v2\/pages\/124\/revisions"}],"predecessor-version":[{"id":128,"href":"https:\/\/www.recarregat.com\/index.php\/wp-json\/wp\/v2\/pages\/124\/revisions\/128"}],"up":[{"embeddable":true,"href":"https:\/\/www.recarregat.com\/index.php\/wp-json\/wp\/v2\/pages\/54"}],"wp:attachment":[{"href":"https:\/\/www.recarregat.com\/index.php\/wp-json\/wp\/v2\/media?parent=124"}],"curies":[{"name":"wp","href":"https:\/\/api.w.org\/{rel}","templated":true}]}}