{"id":139,"date":"2019-07-10T01:19:01","date_gmt":"2019-07-09T23:19:01","guid":{"rendered":"http:\/\/www.recarregat.com\/?page_id=139"},"modified":"2019-07-10T11:45:32","modified_gmt":"2019-07-10T09:45:32","slug":"serie-urban","status":"publish","type":"page","link":"https:\/\/www.recarregat.com\/index.php\/productos\/serie-urban\/","title":{"rendered":"S\u00e8rie URBAN"},"content":{"rendered":"<p><strong> Pals per a rec\u00e0rrega exterior s\u00e8rie URBAN<\/strong><\/p>\n<p><strong>PALS PER A REC\u00c0RREGA EXTERIOR S\u00c8RIE URBAN<\/strong><\/p>\n<p>La gamma de pals de rec\u00e0rrega de vehicles el\u00e8ctrics est\u00e0 dissenyada per a entorns exteriors i de gran robustesa. Aquesta gamma \u00e9s espec\u00edfica per a ser instal\u00b7lada en llocs com la via p\u00fablica o grans superficies.<\/p>\n<p>Tots els pals de la s\u00e8rie\u00a0URBAN\u00a0s\u00f3n amb base\u00a0enchufable, amb l&#8217;opci\u00f3 de poder connectar-li un cable. A m\u00e9s estan equipades amb comunicacions, comptadors d&#8217;energia, sistemes d&#8217;acc\u00e9s i prepagament de manera que puguin ser totalment aut\u00f2nomes. Totes aquestes caracter\u00edstiques estan integrades en el pal de manera que sigui f\u00e0cil d&#8217;utilitzar per a qualsevol usuari que requereixi el seu \u00fas.<\/p>\n<p>Els pals per a exterior han de resistir a les diverses condicions ambientals i possibles actes vand\u00e0lics. Amb els pals\u00a0URBAN\u00a0s&#8217;ha aconseguit reduir el temps d&#8217;instal\u00b7laci\u00f3 i simplificar les tasques d&#8217;operaci\u00f3 i manteniment.<\/p>\n<p>Els equips\u00a0URBAN\u00a0faciliten les tasques de rec\u00e0rrega als diferents usuaris de Vehicles El\u00e8ctrics, incorporant totes les proteccions el\u00e8ctriques necess\u00e0ries per a garantir una plena seguretat a l&#8217;interior d&#8217;un cos met\u00e0l\u00b7lic d&#8217;alumini. Poden disposar de preses Tipus II i\/o preses\u00a0Schuko\u00a0en diverses combinacions, possibilitant la rec\u00e0rrega en Manera 1-2 i Manera 3 en funci\u00f3 de la configuraci\u00f3 triada.<\/p>\n<p>La s\u00e8rie consta de dues gammes diferents: <strong>la b\u00e0sica\u00a0URBAN\u00a010<\/strong>, pensada per a ubicacions en les quals es precisi de carregadors amb operativa\u00a0Plug&#038;Charge\u00a0en aplicacions senzilles en les quals tan sols es requereixi de rec\u00e0rrega simplificada; i <strong>la s\u00e8rie\u00a0Smart\u00a0URBAN\u00a020<\/strong> per a aplicacions complexes on es necessiti oferir les m\u00e0ximes prestacions que exigeix el mercat, es precisi de gesti\u00f3 i monitoratge amb control remot o integrar-se en plataformes de gesti\u00f3 basades en el protocol\u00a0OCPP\u00a01.5.<\/p>\n<p>Els pals\u00a0URBAN\u00a0s\u00f3n especialment adequats per a tota mena d&#8217;aparcaments en intemp\u00e8rie. Les seves aplicacions s&#8217;estenen des de places en via p\u00fablica, grans superf\u00edcies, aeroports, empreses de venda i lloguer de vehicles, aparcaments privats, etc.<\/p>\n<table>\n<tbody>\n<tr>\n<td>\n<ol>\n<li><strong>URBAN, PALS DE C\u00c0RREGA EXTERIOR, MANERA 1, 2 Y 3. TIPUS URBAN 20:<\/strong><\/li>\n<\/ol>\n<table>\n<tbody>\n<tr>\n<td><strong>TIPUS<\/strong><\/td>\n<td><strong>CODI<\/strong><\/td>\n<td><strong>N\u00ba TOMAS<\/strong><\/td>\n<td><strong>SORTIDAS<\/strong><\/td>\n<td><strong>TIPUS CONNECTOR<\/strong><\/td>\n<td><strong>TIPUS XARXA <\/strong><\/td>\n<td><strong>COMUNICACIONS<\/strong><\/td>\n<\/tr>\n<tr>\n<td>URBAN M22<\/td>\n<td>(3) V10622<\/td>\n<td>2<\/td>\n<td>230 Vca &#8211; 32 A &#8211; 7,4 Kw<\/td>\n<td>Base Tipus 2<\/td>\n<td>Monof\u00e0sica<\/td>\n<td>Ethernet<\/td>\n<\/tr>\n<tr>\n<td>URBAN M22 &#8211; C1<\/td>\n<td>(C) V10625<\/td>\n<td>2<\/td>\n<td>230 Vca &#8211; 32 A &#8211; 7,4 Kw<\/td>\n<td>Cable Tipus 1<\/td>\n<td>Monof\u00e0sica<\/td>\n<td>Ethernet<\/td>\n<\/tr>\n<\/tbody>\n<\/table>\n<p><strong>Pals per a rec\u00e0rrega exterior. URBAN M22<\/strong> <strong>Cod: V10622.<\/strong><\/p>\n<p><img loading=\"lazy\" width=\"250\" height=\"250\" class=\"wp-image-140\" src=\"http:\/\/www.recarregat.com\/wp-content\/uploads\/2019\/07\/http-circutor-com-images-stories-virtuemart-prod-4.jpeg\" alt=\"http:\/\/circutor.com\/images\/stories\/virtuemart\/product\/FO_RVE-URBAN-20_250x250.jpg\" srcset=\"https:\/\/www.recarregat.com\/wp-content\/uploads\/2019\/07\/http-circutor-com-images-stories-virtuemart-prod-4.jpeg 250w, https:\/\/www.recarregat.com\/wp-content\/uploads\/2019\/07\/http-circutor-com-images-stories-virtuemart-prod-4-150x150.jpeg 150w\" sizes=\"(max-width: 250px) 100vw, 250px\" \/> Principio del formulario<\/p>\n<p>Final del formulario<\/p>\n<p><strong>Pals per a rec\u00e0rrega. URBAN M22-C1. <\/strong>Cod: <strong>V10625.<\/strong><\/p>\n<p><img loading=\"lazy\" width=\"250\" height=\"250\" class=\"wp-image-141\" src=\"http:\/\/www.recarregat.com\/wp-content\/uploads\/2019\/07\/http-circutor-com-images-stories-virtuemart-prod-5.jpeg\" alt=\"http:\/\/circutor.com\/images\/stories\/virtuemart\/product\/FO_RVE-URBAN_250x250.jpg\" srcset=\"https:\/\/www.recarregat.com\/wp-content\/uploads\/2019\/07\/http-circutor-com-images-stories-virtuemart-prod-5.jpeg 250w, https:\/\/www.recarregat.com\/wp-content\/uploads\/2019\/07\/http-circutor-com-images-stories-virtuemart-prod-5-150x150.jpeg 150w\" sizes=\"(max-width: 250px) 100vw, 250px\" \/> Principio del formulario<\/p>\n<p>Final del formulario<\/p>\n<table>\n<tbody>\n<tr>\n<td><strong>CARACTER\u00cdSTIQUES T\u00c8CNIQUES <\/strong><\/td>\n<td><\/td>\n<\/tr>\n<tr>\n<td><strong>Connexi\u00f3 Tipus de connector <\/strong><\/td>\n<td>Tipus II (segons IEC 62196-2) \u00f3 Schuko<\/td>\n<\/tr>\n<tr>\n<td><strong>Tensi\u00f3 d&#8217;entrada <\/strong><\/td>\n<td>230 Vc.a. \/ 400 Vc.a.<\/td>\n<\/tr>\n<tr>\n<td><strong>Tensi\u00f3 de sortida <\/strong><\/td>\n<td>230 Vc.a. \/ 400 Vc.a.<\/td>\n<\/tr>\n<tr>\n<td><strong>Corrent m\u00e0xim de sortida <\/strong><\/td>\n<td>16 A \/ 32 A segons tipus<\/td>\n<\/tr>\n<tr>\n<td><strong>Rang de pot\u00e8ncia de sortida<\/strong><\/td>\n<td>3,6 \/ 7,2 \/ 22 kW<\/td>\n<\/tr>\n<tr>\n<td><strong>Proteccions el\u00e8ctriques<\/strong><\/td>\n<td>Protecci\u00f3 diferencial RCD Tipus A (30 mA)<\/td>\n<\/tr>\n<tr>\n<td><strong>Interf\u00edcie<\/strong><\/td>\n<td>Balisa lluminosa Indicaci\u00f3 lluminosa d&#8217;estat<br \/>\nde c\u00e0rrega\u00a0RGB<\/td>\n<\/tr>\n<tr>\n<td><\/td>\n<td><\/td>\n<\/tr>\n<tr>\n<td><strong>Comunicacions (Urban 20)<\/strong><\/td>\n<td>Tipus Ethernet, 3G (opcional)<\/td>\n<\/tr>\n<tr>\n<td><strong>Caracter\u00edstiques constructives<\/strong><\/td>\n<td>Envoltant Alumini i pl\u00e0stic ABS<\/td>\n<\/tr>\n<tr>\n<td><strong>Dimensions <\/strong><\/td>\n<td>450 mm x 290 mm x 1550 mm<\/td>\n<\/tr>\n<tr>\n<td><strong>Pes <\/strong><\/td>\n<td>55 Kg<\/td>\n<\/tr>\n<\/tbody>\n<\/table>\n<\/td>\n<td><\/td>\n<td><\/td>\n<td><\/td>\n<td><\/td>\n<\/tr>\n<\/tbody>\n<\/table>\n","protected":false},"excerpt":{"rendered":"<p>Pals per a rec\u00e0rrega exterior s\u00e8rie URBAN PALS PER A REC\u00c0RREGA EXTERIOR S\u00c8RIE URBAN La gamma de pals de rec\u00e0rrega de vehicles el\u00e8ctrics est\u00e0 dissenyada per a entorns exteriors i [&hellip;]<\/p>\n","protected":false},"author":1,"featured_media":0,"parent":54,"menu_order":0,"comment_status":"closed","ping_status":"closed","template":"","meta":[],"_links":{"self":[{"href":"https:\/\/www.recarregat.com\/index.php\/wp-json\/wp\/v2\/pages\/139"}],"collection":[{"href":"https:\/\/www.recarregat.com\/index.php\/wp-json\/wp\/v2\/pages"}],"about":[{"href":"https:\/\/www.recarregat.com\/index.php\/wp-json\/wp\/v2\/types\/page"}],"author":[{"embeddable":true,"href":"https:\/\/www.recarregat.com\/index.php\/wp-json\/wp\/v2\/users\/1"}],"replies":[{"embeddable":true,"href":"https:\/\/www.recarregat.com\/index.php\/wp-json\/wp\/v2\/comments?post=139"}],"version-history":[{"count":3,"href":"https:\/\/www.recarregat.com\/index.php\/wp-json\/wp\/v2\/pages\/139\/revisions"}],"predecessor-version":[{"id":146,"href":"https:\/\/www.recarregat.com\/index.php\/wp-json\/wp\/v2\/pages\/139\/revisions\/146"}],"up":[{"embeddable":true,"href":"https:\/\/www.recarregat.com\/index.php\/wp-json\/wp\/v2\/pages\/54"}],"wp:attachment":[{"href":"https:\/\/www.recarregat.com\/index.php\/wp-json\/wp\/v2\/media?parent=139"}],"curies":[{"name":"wp","href":"https:\/\/api.w.org\/{rel}","templated":true}]}}