{"id":150,"date":"2019-07-10T15:06:12","date_gmt":"2019-07-10T13:06:12","guid":{"rendered":"http:\/\/www.recarregat.com\/?page_id=150"},"modified":"2019-07-10T15:07:11","modified_gmt":"2019-07-10T13:07:11","slug":"columna-exterior-urban","status":"publish","type":"page","link":"https:\/\/www.recarregat.com\/index.php\/productos\/columna-exterior-urban\/","title":{"rendered":"Columna Exterior URBAN"},"content":{"rendered":"<p><strong>URBAN, PALS DE C\u00c0RREGA EXTERIOR, M\u00c0STER-SLAVE:<\/strong><\/p>\n<p>Dissenyat per a minimitzar la inversi\u00f3 inicial (CAPEX)&nbsp;i les despeses de manteniment (OPEX)quan es necessiten diversos carregadors. Aquesta soluci\u00f3 consisteix en la combinaci\u00f3 d&#8217;un carregador M\u00e0ster que controla a un conjunt de&nbsp;Slaves. El sistema en conjunt funciona com si tots els carregadors fossin intel\u00b7ligents.<\/p>\n<p>Pensat per a instal\u00b7lacions privades com a empreses o comunitats amb un \u00fanic administrador, per\u00f2 tamb\u00e9 \u00e9s una soluci\u00f3 interessant per a instal\u00b7lacions p\u00fabliques com, per exemple, centres comercials, aparcaments.<\/p>\n<p>Comparteix el disseny amb la gamma&nbsp;URBAN, per aix\u00f2, a m\u00e9s de la l\u00ednia moderna i el&nbsp;housing robust, s&#8217;ha tingut en compte que sigui f\u00e0cil d&#8217;usar i resisteixi a condicions meteorol\u00f2giques adverses.<\/p>\n<p><strong>ASPECTS DESTACATS:<\/strong><\/p>\n<ul>\n<li>\n    El M\u00e0ster distribueix la pot\u00e8ncia disponible tenint en compte el n\u00famero de&nbsp;punt\u00f3s&nbsp;de c\u00e0rrega en \u00fas, d&#8217;aquesta forma es redueix el total d&#8217;energia necess\u00e0ria per a la c\u00e0rrega. Aix\u00f2 possibilita la reducci\u00f3 de costos en la instal\u00b7laci\u00f3 de la connexi\u00f3 el\u00e8ctrica i un estalvi en l&#8217;energia contractada.<\/li>\n<li>\n    A m\u00e9s, centralitzant la intel\u00b7lig\u00e8ncia en el M\u00e0ster el hardware dels&nbsp;slaves&nbsp;se simplifica. Per aquest motiu la combinaci\u00f3 M\u00e0ster-Slave&nbsp;\u00e9s la millor opci\u00f3 per a minimitzar els costos del hardware.<\/li>\n<li>\n    Un \u00fanic m\u00f2dem en el M\u00e0ster que serveix per a la connexi\u00f3 remota i com a sistema d&#8217;integraci\u00f3 amb un&nbsp;back-of&nbsp;OCPP&nbsp;1.5). Aix\u00f2 disminueix els costos de les l\u00ednies de comunicaci\u00f3 evitant costos&nbsp;extres&nbsp;de manteniment.<\/li>\n<li>\n    El M\u00e0ster pot administrar fins a 8&nbsp;slaves&nbsp;(m\u00e0x. 18 punts de c\u00e0rrega incl\u00f2s el M\u00e0ster) gestionant la c\u00e0rrega i l&#8217;autenticaci\u00f3 dels usuaris.<\/li>\n<li>\n    Per a aparcaments sense&nbsp;OCPP&nbsp;backend, la configuraci\u00f3&nbsp;aut\u00f2noma&nbsp;ofereix la distribuci\u00f3 de la c\u00e0rrega i el control d&#8217;usuaris a trav\u00e9s de&nbsp;RFID.<\/li>\n<li>\n    La seva porta frontal amb clau permet un&nbsp;f\u00e0cil acc\u00e9s a l&#8217;interior i una reducci\u00f3 de les despeses d&#8217;explotaci\u00f3 ja que la instal\u00b7laci\u00f3 i el manteniment s\u00f3n m\u00e9s r\u00e0pids. A m\u00e9s, \u00e9s possible instal\u00b7lar el carregador al costat d&#8217;una paret, optimitzant l&#8217;espai disponible.<\/li>\n<li>\n    La seva pantalla t\u00e0ctil de 8 polzades llegible amb llum di\u00fcrna no nom\u00e9s proporciona&nbsp;clares instruccions de c\u00e0rrega (p. e. una posici\u00f3 incorrecta del VE per a iniciar la c\u00e0rrega) i l&#8217;estat del connector (p. e. punt de rec\u00e0rrega reservat), sin\u00f3 que tamb\u00e9 permet a l&#8217;usuari seleccionar l&#8217;idioma entre varis.<\/li>\n<li>\n    Per a complir amb exigents requisits de facturaci\u00f3, la s\u00e8rie&nbsp;eVolve&nbsp;inclou mediadors&nbsp;MID certificats.<\/li>\n<li>\n    La s\u00e8rie&nbsp;URBAN&nbsp;inclou les&nbsp;proteccions el\u00e8ctriques necess\u00e0ries (opcionals) per a minimitzar el risc de desc\u00e0rrega el\u00e8ctrica i per a garantir el temps m\u00e0xim de funcionament gr\u00e0cies a les&nbsp;proteccions&nbsp;independents del connector.<\/li>\n<li>\n    Per a aquest tipus de pals es poden instal\u00b7lar per cada&nbsp;URBAN&nbsp;M\u00c0STER fins a 8 unitats&nbsp;SLAVES. Les unitats&nbsp;SLAVE&nbsp;no es venen soltes, es venen amb la M\u00c0STER en la proporci\u00f3 indicada.<\/li>\n<\/ul>\n<table>\n<tbody>\n<tr>\n<td><strong>TIPUS<\/strong><\/td>\n<td><strong>CODI<\/strong><\/td>\n<td><strong>N\u00ba TOMAS<\/strong><\/td>\n<td><strong>SORTIDAS<\/strong><\/td>\n<td><strong>TIPUS CONNECTOR<\/strong><\/td>\n<td><strong>TIPUS XARXA <\/strong><\/td>\n<td><strong>COMUNICACIONS<\/strong><\/td>\n<\/tr>\n<tr>\n<td>\n  URBAN M\u00c0STER M2<\/td>\n<td>\n  (C) V10632<\/td>\n<td>\n  2<\/td>\n<td>\n  230 Vca &#8211; 32 A &#8211; 7,4 Kw<\/td>\n<td>\n  Base Tipus 2<\/td>\n<td>\n  Monof\u00e0sica<\/td>\n<td>\n  Ethernet<\/td>\n<\/tr>\n<tr>\n<td>\n  URBAN M\u00c0STER M2 &#8211; C1<\/td>\n<td>\n  (C) V10635<\/td>\n<td>\n  2<\/td>\n<td>\n  230 Vca &#8211; 32 A &#8211; 7,4 Kw<\/td>\n<td>\n  Cable Tipus 1<\/td>\n<td>\n  Monof\u00e0sica<\/td>\n<td>\n  Ethernet<\/td>\n<\/tr>\n<tr>\n<td>\n  URBAN SLAVE M2<\/td>\n<td>\n  (C) V10642<\/td>\n<td>\n  2<\/td>\n<td>\n  230 Vca &#8211; 32 A &#8211; 7,4 Kw<\/td>\n<td>\n  Base Tipus 2<\/td>\n<td>\n  Monof\u00e0sica<\/td>\n<td>\n  Ethernet<\/td>\n<\/tr>\n<tr>\n<td>\n  URBAN SLAVE M2 &#8211; C1<\/td>\n<td>\n  (C) V10645<\/td>\n<td>\n  2<\/td>\n<td>\n  232 Vca &#8211; 32 A &#8211; 7,4 Kw<\/td>\n<td>\n  Cable Tipus 1<\/td>\n<td>\n  Monof\u00e0sica<\/td>\n<td>\n  Ethernet<\/td>\n<\/tr>\n<\/tbody>\n<\/table>\n<table>\n<tbody>\n<tr>\n<td><strong>ESPECIFICACIONS GENERALS<\/strong><\/td>\n<td><\/td>\n<\/tr>\n<tr>\n<td><strong>Grau de protecci\u00f3 de l&#8217;envoltant<\/strong><\/td>\n<td>\n  IP54 \/ IK10<\/td>\n<\/tr>\n<tr>\n<td><\/td>\n<td><\/td>\n<\/tr>\n<tr>\n<td><strong>Material de l&#8217;envoltant <\/strong><\/td>\n<td>\n  Alumini i ABS<\/td>\n<\/tr>\n<tr>\n<td><strong>Bloqueig de la porta<\/strong><\/td>\n<td>\n   Tancament amb clau<\/td>\n<\/tr>\n<tr>\n<td><strong>Acc\u00e9s a l&#8217;envoltant <\/strong><\/td>\n<td>\n  Porta frontal<\/td>\n<\/tr>\n<tr>\n<td><strong>Temperatura de funci\u00f3<\/strong><\/td>\n<td>\n   -5 \u00b0C fins +45 \u00baC<\/td>\n<\/tr>\n<tr>\n<td><strong>Temperatura d&#8217;emmagatzematge   <\/strong><\/td>\n<td>\n  -20 \u00baC fins + 60 \u00baC<\/td>\n<\/tr>\n<tr>\n<td><strong>Humitat m\u00e0xima<\/strong><\/td>\n<td>\n   5 % fins 95 % sense condensaci\u00f3<\/td>\n<\/tr>\n<tr>\n<td><\/td>\n<td><\/td>\n<\/tr>\n<tr>\n<td><strong>Dimensions <\/strong><\/td>\n<td>\n  450 x 290 x 1550 mm<\/td>\n<\/tr>\n<tr>\n<td><strong>Pes<\/strong><\/td>\n<td>\n   55 Kg<\/td>\n<\/tr>\n<tr>\n<td><strong>Tipus de connector <\/strong><\/td>\n<td>\n  Socket Tipus 2<\/td>\n<\/tr>\n<\/tbody>\n<\/table>\n<table>\n<tbody>\n<tr>\n<td><strong>M\u00c0STER<\/strong><\/td>\n<td><\/td>\n<\/tr>\n<tr>\n<td><strong>Comunicacions <\/strong><\/td>\n<td>\n  10\/100TX (TCP-IP)<\/td>\n<\/tr>\n<tr>\n<td><strong>Protocol <\/strong><\/td>\n<td>\n  OCPP 1.2, 1.5<\/td>\n<\/tr>\n<tr>\n<td><strong>Pantalla <\/strong><\/td>\n<td>\n  HMI 8\u201d t\u00e0ctil i&nbsp;antivand\u00e1lica<\/td>\n<\/tr>\n<tr>\n<td><strong>Lector RFID<\/strong><\/td>\n<td>\n   ISO\/IEC 14443 A\/B<\/td>\n<\/tr>\n<tr>\n<td><\/td>\n<td>\n  MIFARE Classic\/DESFire EV1<\/td>\n<\/tr>\n<tr>\n<td><\/td>\n<td>\n  ISO 18092 ECMA-340<\/td>\n<\/tr>\n<tr>\n<td><\/td>\n<td>\n  NFC 16.53MHz<\/td>\n<\/tr>\n<tr>\n<td><strong>SLAVE<\/strong><\/td>\n<td><\/td>\n<\/tr>\n<tr>\n<td><strong>Comunicaci\u00f3 amb el m\u00e0ster<\/strong><\/td>\n<td>\n   Ethernet UTP<\/td>\n<\/tr>\n<\/tbody>\n<\/table>\n","protected":false},"excerpt":{"rendered":"<p>URBAN, PALS DE C\u00c0RREGA EXTERIOR, M\u00c0STER-SLAVE: Dissenyat per a minimitzar la inversi\u00f3 inicial (CAPEX)&nbsp;i les despeses de manteniment (OPEX)quan es necessiten diversos carregadors. Aquesta soluci\u00f3 consisteix en la combinaci\u00f3 d&#8217;un [&hellip;]<\/p>\n","protected":false},"author":1,"featured_media":0,"parent":54,"menu_order":0,"comment_status":"closed","ping_status":"closed","template":"","meta":[],"_links":{"self":[{"href":"https:\/\/www.recarregat.com\/index.php\/wp-json\/wp\/v2\/pages\/150"}],"collection":[{"href":"https:\/\/www.recarregat.com\/index.php\/wp-json\/wp\/v2\/pages"}],"about":[{"href":"https:\/\/www.recarregat.com\/index.php\/wp-json\/wp\/v2\/types\/page"}],"author":[{"embeddable":true,"href":"https:\/\/www.recarregat.com\/index.php\/wp-json\/wp\/v2\/users\/1"}],"replies":[{"embeddable":true,"href":"https:\/\/www.recarregat.com\/index.php\/wp-json\/wp\/v2\/comments?post=150"}],"version-history":[{"count":3,"href":"https:\/\/www.recarregat.com\/index.php\/wp-json\/wp\/v2\/pages\/150\/revisions"}],"predecessor-version":[{"id":153,"href":"https:\/\/www.recarregat.com\/index.php\/wp-json\/wp\/v2\/pages\/150\/revisions\/153"}],"up":[{"embeddable":true,"href":"https:\/\/www.recarregat.com\/index.php\/wp-json\/wp\/v2\/pages\/54"}],"wp:attachment":[{"href":"https:\/\/www.recarregat.com\/index.php\/wp-json\/wp\/v2\/media?parent=150"}],"curies":[{"name":"wp","href":"https:\/\/api.w.org\/{rel}","templated":true}]}}