{"id":2,"date":"2017-03-30T18:08:00","date_gmt":"2017-03-30T16:08:00","guid":{"rendered":"http:\/\/merecarga.com\/?page_id=2"},"modified":"2019-07-10T15:13:07","modified_gmt":"2019-07-10T13:13:07","slug":"page-d-exemple","status":"publish","type":"page","link":"https:\/\/www.recarregat.com\/index.php\/page-d-exemple\/","title":{"rendered":"Rec\u00e0rrega intel-ligent de veh\u00edcles electrics"},"content":{"rendered":"<p>Els oferim solucions de rec\u00e0rrega per a vehicles el\u00e8ctrics, Estem especialitzats en la comercialitzaci\u00f3 i instal\u00b7laci\u00f3 en comunitats de ve\u00efns, habitatges unifamiliars, empreses i institucions.<\/p>\n","protected":false},"excerpt":{"rendered":"<p>Els oferim solucions de rec\u00e0rrega per a vehicles el\u00e8ctrics, Estem especialitzats en la comercialitzaci\u00f3 i instal\u00b7laci\u00f3 en comunitats de ve\u00efns, habitatges unifamiliars, empreses i institucions.<\/p>\n","protected":false},"author":1,"featured_media":0,"parent":0,"menu_order":0,"comment_status":"closed","ping_status":"open","template":"","meta":[],"_links":{"self":[{"href":"https:\/\/www.recarregat.com\/index.php\/wp-json\/wp\/v2\/pages\/2"}],"collection":[{"href":"https:\/\/www.recarregat.com\/index.php\/wp-json\/wp\/v2\/pages"}],"about":[{"href":"https:\/\/www.recarregat.com\/index.php\/wp-json\/wp\/v2\/types\/page"}],"author":[{"embeddable":true,"href":"https:\/\/www.recarregat.com\/index.php\/wp-json\/wp\/v2\/users\/1"}],"replies":[{"embeddable":true,"href":"https:\/\/www.recarregat.com\/index.php\/wp-json\/wp\/v2\/comments?post=2"}],"version-history":[{"count":5,"href":"https:\/\/www.recarregat.com\/index.php\/wp-json\/wp\/v2\/pages\/2\/revisions"}],"predecessor-version":[{"id":156,"href":"https:\/\/www.recarregat.com\/index.php\/wp-json\/wp\/v2\/pages\/2\/revisions\/156"}],"wp:attachment":[{"href":"https:\/\/www.recarregat.com\/index.php\/wp-json\/wp\/v2\/media?parent=2"}],"curies":[{"name":"wp","href":"https:\/\/api.w.org\/{rel}","templated":true}]}}